
{"id":242319,"date":"2024-07-10T14:23:14","date_gmt":"2024-07-10T12:23:14","guid":{"rendered":"https:\/\/optoplast.org\/?page_id=242319"},"modified":"2024-07-10T14:30:30","modified_gmt":"2024-07-10T12:30:30","slug":"lavora-con-noi","status":"publish","type":"page","link":"https:\/\/optoplast.org\/en\/lavora-con-noi\/","title":{"rendered":"Lavora con noi"},"content":{"rendered":"<p>[et_pb_section fb_built=&#8221;1&#8243; admin_label=&#8221;Hero&#8221; _builder_version=&#8221;4.24.2&#8243; use_background_color_gradient=&#8221;on&#8221; background_color_gradient_type=&#8221;circular&#8221; background_color_gradient_direction_radial=&#8221;top left&#8221; background_color_gradient_stops=&#8221;rgba(40,40,40,0.78) 0%|rgba(40,40,40,0) 100%&#8221; background_color_gradient_overlays_image=&#8221;on&#8221; background_color_gradient_start=&#8221;rgba(40,40,40,0.79)&#8221; background_color_gradient_end=&#8221;rgba(40,40,40,0.86)&#8221; background_image=&#8221;https:\/\/optoplast.org\/wp-content\/uploads\/2023\/05\/banner_2.jpg&#8221; custom_margin=&#8221;||||false|false&#8221; custom_margin_tablet=&#8221;||||false|false&#8221; custom_margin_phone=&#8221;||||false|false&#8221; custom_margin_last_edited=&#8221;on|phone&#8221; custom_padding=&#8221;5vw||5vw||true|false&#8221; hover_transition_duration=&#8221;0ms&#8221; global_colors_info=&#8221;{}&#8221;][et_pb_row _builder_version=&#8221;4.20.4&#8243; global_colors_info=&#8221;{}&#8221;][et_pb_column type=&#8221;4_4&#8243; _builder_version=&#8221;4.16&#8243; custom_padding=&#8221;|||&#8221; global_colors_info=&#8221;{}&#8221; custom_padding__hover=&#8221;|||&#8221;][et_pb_text _builder_version=&#8221;4.26.0&#8243; text_font=&#8221;||||||||&#8221; header_font=&#8221;|700|||||||&#8221; header_font_size=&#8221;64px&#8221; header_line_height=&#8221;1.1em&#8221; background_layout=&#8221;dark&#8221; custom_margin=&#8221;||0px|&#8221; custom_padding=&#8221;|||16px&#8221; hover_enabled=&#8221;0&#8243; text_font_size_tablet=&#8221;14px&#8221; text_font_size_last_edited=&#8221;off|desktop&#8221; header_font_size_tablet=&#8221;44px&#8221; header_font_size_phone=&#8221;32px&#8221; header_font_size_last_edited=&#8221;on|phone&#8221; border_color_all=&#8221;#ffb400&#8243; border_width_left=&#8221;10px&#8221; border_color_left=&#8221;#FF7618&#8243; global_colors_info=&#8221;{}&#8221; sticky_enabled=&#8221;0&#8243;]<\/p>\n<h1>Lavora con noi<\/h1>\n<p>[\/et_pb_text][lwp_divi_breadcrumbs font_icon=&#8221;&#x45;||divi||400&#8243; use_before_icon=&#8221;off&#8221; link_color=&#8221;#FFFFFF&#8221; separator_color=&#8221;#FFFFFF&#8221; current_text_color=&#8221;#EDC500&#8243; _builder_version=&#8221;4.21.0&#8243; _module_preset=&#8221;default&#8221; module_font=&#8221;|700|||||||&#8221; module_text_color=&#8221;#FFFFFF&#8221; module_font_size=&#8221;16px&#8221; module_line_height=&#8221;2.1em&#8221; custom_margin=&#8221;20px||||false|false&#8221; global_colors_info=&#8221;{}&#8221;][\/lwp_divi_breadcrumbs][\/et_pb_column][\/et_pb_row][\/et_pb_section][et_pb_section fb_built=&#8221;1&#8243; _builder_version=&#8221;4.21.0&#8243; _module_preset=&#8221;default&#8221; global_colors_info=&#8221;{}&#8221;][et_pb_row _builder_version=&#8221;4.21.0&#8243; _module_preset=&#8221;default&#8221; global_colors_info=&#8221;{}&#8221;][et_pb_column type=&#8221;4_4&#8243; _builder_version=&#8221;4.21.0&#8243; _module_preset=&#8221;default&#8221; global_colors_info=&#8221;{}&#8221;][dvppl_cf7_styler button_alignment=&#8221;right&#8221; cf7=&#8221;242317&#8243; form_field_padding=&#8221;12px|15px|10px|15px|false|false&#8221; form_background_color=&#8221;#efefef&#8221; cf7_message_color=&#8221;#000000&#8243; _builder_version=&#8221;4.26.0&#8243; _module_preset=&#8221;default&#8221; form_field_font_text_color=&#8221;#666666&#8243; labels_text_color=&#8221;#000000&#8243; custom_submit_button=&#8221;on&#8221; submit_button_text_size=&#8221;17px&#8221; submit_button_text_color=&#8221;#000000&#8243; submit_button_bg_color=&#8221;RGBA(255,255,255,0)&#8221; submit_button_border_width=&#8221;4px&#8221; submit_button_border_color=&#8221;#000000&#8243; submit_button_font=&#8221;|||on|||||&#8221; hover_enabled=&#8221;0&#8243; border_color_all_field=&#8221;RGBA(255,255,255,0)&#8221; global_colors_info=&#8221;{}&#8221; theme_builder_area=&#8221;post_content&#8221; sticky_enabled=&#8221;0&#8243;][\/dvppl_cf7_styler][\/et_pb_column][\/et_pb_row][\/et_pb_section][et_pb_section fb_built=&#8221;1&#8243; custom_padding_last_edited=&#8221;on|phone&#8221; _builder_version=&#8221;4.20.4&#8243; _module_preset=&#8221;default&#8221; background_color=&#8221;#ff7618&#8243; background_image=&#8221;https:\/\/optoplast.org\/wp-content\/uploads\/2023\/04\/construction-13-pm-4.png&#8221; background_size=&#8221;initial&#8221; background_repeat=&#8221;repeat&#8221; custom_margin=&#8221;0px||0px||false|false&#8221; custom_padding=&#8221;120px||120px||false|false&#8221; custom_padding_tablet=&#8221;120px||120px||false|false&#8221; custom_padding_phone=&#8221;90px||90px||false|false&#8221; global_module=&#8221;402&#8243; saved_tabs=&#8221;all&#8221; global_colors_info=&#8221;{}&#8221;][et_pb_row column_structure=&#8221;1_4,1_4,1_4,1_4&#8243; use_custom_gutter=&#8221;on&#8221; gutter_width=&#8221;2&#8243; _builder_version=&#8221;4.21.0&#8243; _module_preset=&#8221;default&#8221; width=&#8221;70%&#8221; max_width=&#8221;1920px&#8221; custom_margin=&#8221;0px||0px||false|false&#8221; custom_padding=&#8221;0px||0px||false|false&#8221; global_colors_info=&#8221;{}&#8221;][et_pb_column type=&#8221;1_4&#8243; _builder_version=&#8221;4.18.0&#8243; _module_preset=&#8221;default&#8221; global_colors_info=&#8221;{}&#8221;][et_pb_number_counter number=&#8221;1000&#8243; percent_sign=&#8221;off&#8221; _builder_version=&#8221;4.21.0&#8243; _module_preset=&#8221;default&#8221; number_font=&#8221;Jost||||||||&#8221; number_text_align=&#8221;center&#8221; number_text_color=&#8221;#FFFFFF&#8221; number_font_size=&#8221;80px&#8221; custom_margin=&#8221;0px||12px||false|false&#8221; custom_margin_tablet=&#8221;0px||12px||false|false&#8221; custom_margin_phone=&#8221;0px||5px||false|false&#8221; custom_margin_last_edited=&#8221;on|phone&#8221; custom_padding=&#8221;0px||0px||false|false&#8221; number_font_size_tablet=&#8221;80px&#8221; number_font_size_phone=&#8221;60px&#8221; number_font_size_last_edited=&#8221;on|phone&#8221; global_colors_info=&#8221;{}&#8221;][\/et_pb_number_counter][et_pb_text _builder_version=&#8221;4.20.4&#8243; _module_preset=&#8221;default&#8221; text_font=&#8221;Manrope||||||||&#8221; text_text_color=&#8221;#FFFFFF&#8221; text_font_size=&#8221;24px&#8221; text_orientation=&#8221;center&#8221; custom_margin=&#8221;0px||0px||false|false&#8221; custom_margin_tablet=&#8221;0px||20px||false|false&#8221; custom_margin_phone=&#8221;0px||20px||false|false&#8221; custom_margin_last_edited=&#8221;on|tablet&#8221; custom_padding=&#8221;0px||0px||false|false&#8221; global_colors_info=&#8221;{}&#8221;]<\/p>\n<p>Clienti<\/p>\n<p>[\/et_pb_text][\/et_pb_column][et_pb_column type=&#8221;1_4&#8243; _builder_version=&#8221;4.18.0&#8243; _module_preset=&#8221;default&#8221; global_colors_info=&#8221;{}&#8221;][et_pb_number_counter number=&#8221;4&#8243; percent_sign=&#8221;off&#8221; _builder_version=&#8221;4.21.0&#8243; _module_preset=&#8221;default&#8221; number_font=&#8221;Jost||||||||&#8221; number_text_align=&#8221;center&#8221; number_text_color=&#8221;#FFFFFF&#8221; number_font_size=&#8221;80px&#8221; custom_margin=&#8221;0px||12px||false|false&#8221; custom_margin_tablet=&#8221;0px||12px||false|false&#8221; custom_margin_phone=&#8221;0px||5px||false|false&#8221; custom_margin_last_edited=&#8221;on|phone&#8221; custom_padding=&#8221;0px||0px||false|false&#8221; number_font_size_tablet=&#8221;80px&#8221; number_font_size_phone=&#8221;60px&#8221; number_font_size_last_edited=&#8221;on|phone&#8221; global_colors_info=&#8221;{}&#8221;][\/et_pb_number_counter][et_pb_text _builder_version=&#8221;4.21.0&#8243; _module_preset=&#8221;default&#8221; text_font=&#8221;Manrope||||||||&#8221; text_text_color=&#8221;#FFFFFF&#8221; text_font_size=&#8221;24px&#8221; text_orientation=&#8221;center&#8221; custom_margin=&#8221;0px||0px||false|false&#8221; custom_margin_tablet=&#8221;0px||20px||false|false&#8221; custom_margin_phone=&#8221;0px||20px||false|false&#8221; custom_margin_last_edited=&#8221;on|tablet&#8221; custom_padding=&#8221;0px||0px||false|false&#8221; global_colors_info=&#8221;{}&#8221;]<\/p>\n<p>Factories<\/p>\n<p>[\/et_pb_text][\/et_pb_column][et_pb_column type=&#8221;1_4&#8243; _builder_version=&#8221;4.18.0&#8243; _module_preset=&#8221;default&#8221; global_colors_info=&#8221;{}&#8221;][et_pb_number_counter number=&#8221;100&#8243; percent_sign=&#8221;off&#8221; _builder_version=&#8221;4.21.0&#8243; _module_preset=&#8221;default&#8221; number_font=&#8221;Jost||||||||&#8221; number_text_align=&#8221;center&#8221; number_text_color=&#8221;#FFFFFF&#8221; number_font_size=&#8221;80px&#8221; custom_margin=&#8221;0px||12px||false|false&#8221; custom_margin_tablet=&#8221;0px||12px||false|false&#8221; custom_margin_phone=&#8221;0px||5px||false|false&#8221; custom_margin_last_edited=&#8221;on|phone&#8221; custom_padding=&#8221;0px||0px||false|false&#8221; number_font_size_tablet=&#8221;80px&#8221; number_font_size_phone=&#8221;60px&#8221; number_font_size_last_edited=&#8221;on|phone&#8221; global_colors_info=&#8221;{}&#8221;][\/et_pb_number_counter][et_pb_text _builder_version=&#8221;4.21.0&#8243; _module_preset=&#8221;default&#8221; text_font=&#8221;Manrope||||||||&#8221; text_text_color=&#8221;#FFFFFF&#8221; text_font_size=&#8221;24px&#8221; text_orientation=&#8221;center&#8221; custom_margin=&#8221;0px||0px||false|false&#8221; custom_margin_tablet=&#8221;0px||20px||false|false&#8221; custom_margin_phone=&#8221;0px||20px||false|false&#8221; custom_margin_last_edited=&#8221;on|tablet&#8221; custom_padding=&#8221;0px||0px||false|false&#8221; global_colors_info=&#8221;{}&#8221;]<\/p>\n<p>Famiglie di prodotti<\/p>\n<p>[\/et_pb_text][\/et_pb_column][et_pb_column type=&#8221;1_4&#8243; _builder_version=&#8221;4.18.0&#8243; _module_preset=&#8221;default&#8221; global_colors_info=&#8221;{}&#8221;][et_pb_number_counter number=&#8221;13&#8243; percent_sign=&#8221;off&#8221; _builder_version=&#8221;4.21.0&#8243; _module_preset=&#8221;default&#8221; number_font=&#8221;Jost||||||||&#8221; number_text_align=&#8221;center&#8221; number_text_color=&#8221;#FFFFFF&#8221; number_font_size=&#8221;80px&#8221; custom_margin=&#8221;0px||12px||false|false&#8221; custom_margin_tablet=&#8221;0px||12px||false|false&#8221; custom_margin_phone=&#8221;0px||5px||false|false&#8221; custom_margin_last_edited=&#8221;on|phone&#8221; custom_padding=&#8221;0px||0px||false|false&#8221; number_font_size_tablet=&#8221;80px&#8221; number_font_size_phone=&#8221;60px&#8221; number_font_size_last_edited=&#8221;on|phone&#8221; global_colors_info=&#8221;{}&#8221;][\/et_pb_number_counter][et_pb_text _builder_version=&#8221;4.21.0&#8243; _module_preset=&#8221;default&#8221; text_font=&#8221;Manrope||||||||&#8221; text_text_color=&#8221;#FFFFFF&#8221; text_font_size=&#8221;24px&#8221; text_orientation=&#8221;center&#8221; custom_margin=&#8221;0px||0px||false|false&#8221; custom_margin_tablet=&#8221;0px||20px||false|false&#8221; custom_margin_phone=&#8221;0px||20px||false|false&#8221; custom_margin_last_edited=&#8221;on|tablet&#8221; custom_padding=&#8221;0px||0px||false|false&#8221; global_colors_info=&#8221;{}&#8221;]<\/p>\n<p>Forza vendita<\/p>\n<p>[\/et_pb_text][\/et_pb_column][\/et_pb_row][\/et_pb_section]<\/p>\n","protected":false},"excerpt":{"rendered":"<p>Lavora con noi<div class=\"et_pb_module lwp_divi_breadcrumbs lwp_divi_breadcrumbs_0\">\n\t\t\t\t\n\t\t\t\t\n\t\t\t\t\n\t\t\t\t\n\t\t\t\t\n\t\t\t\t\n\t\t\t\t<div class=\"et_pb_module_inner\">\n\t\t\t\t\t<div class=\"lwp-breadcrumbs\"> <span class=\"before\"><\/span> <span vocab=\"https:\/\/schema.org\/\" typeof=\"BreadcrumbList\"><span property=\"itemListElement\" typeof=\"ListItem\"><a property=\"item\" typeof=\"WebPage\" href=\"https:\/\/optoplast.org\/en\/\" class=\"home\"><span property=\"name\">Home<\/span><\/a><meta property=\"position\" content=\"1\"><\/span> <span class=\"separator et-pb-icon\">&#x45;<\/span> <\/span><\/div>\n\t\t\t\t<\/div>\n\t\t\t<\/div><div class=\"et_pb_with_border et_pb_module dvppl_cf7_styler dvppl_cf7_styler_0\">\n\t\t\t\t\n\t\t\t\t\n\t\t\t\t\n\t\t\t\t\n\t\t\t\t\n\t\t\t\t\n\t\t\t\t<div class=\"et_pb_module_inner\">\n\t\t\t\t\t<div class=\"dipe-cf7-container dipe-cf7-button-right\">\n\t\t\t\t\n\t\t\t\t<div class=\"dipe-cf7 dipe-cf7-styler\">\n\t\t\t\t\t\n<div class=\"wpcf7 no-js\" id=\"wpcf7-f242317-o1\" lang=\"it-IT\" dir=\"ltr\" data-wpcf7-id=\"242317\">\n<div class=\"screen-reader-response\"><p role=\"status\" aria-live=\"polite\" aria-atomic=\"true\"><\/p> <ul><\/ul><\/div>\n<form action=\"\/en\/wp-json\/wp\/v2\/pages\/242319#wpcf7-f242317-o1\" method=\"post\" class=\"wpcf7-form init\" aria-label=\"Modulo di contatto\" enctype=\"multipart\/form-data\" novalidate=\"novalidate\" data-status=\"init\" data-trp-original-action=\"\/en\/wp-json\/wp\/v2\/pages\/242319#wpcf7-f242317-o1\">\n<fieldset class=\"hidden-fields-container\"><input type=\"hidden\" name=\"_wpcf7\" value=\"242317\" \/><input type=\"hidden\" name=\"_wpcf7_version\" value=\"6.1.5\" \/><input type=\"hidden\" name=\"_wpcf7_locale\" value=\"it_IT\" \/><input type=\"hidden\" name=\"_wpcf7_unit_tag\" value=\"wpcf7-f242317-o1\" \/><input type=\"hidden\" name=\"_wpcf7_container_post\" value=\"0\" \/><input type=\"hidden\" name=\"_wpcf7_posted_data_hash\" value=\"\" \/>\n<\/fieldset>\n<div id=\"responsive-form\" class=\"clearfix\">\n<div class=\"form-row\">\n<div class=\"column-half\"><label> \n    <span class=\"wpcf7-form-control-wrap\" data-name=\"your-name\"><input size=\"40\" maxlength=\"400\" class=\"wpcf7-form-control wpcf7-text wpcf7-validates-as-required\" autocomplete=\"name\" aria-required=\"true\" aria-invalid=\"false\" placeholder=\"Name\" value=\"\" type=\"text\" name=\"your-name\" \/><\/span> <\/label><\/div>\n\n<div class=\"column-half\"><label> \n    <span class=\"wpcf7-form-control-wrap\" data-name=\"your-lastname\"><input size=\"40\" maxlength=\"400\" class=\"wpcf7-form-control wpcf7-text wpcf7-validates-as-required\" autocomplete=\"name\" aria-required=\"true\" aria-invalid=\"false\" placeholder=\"Last Name\" value=\"\" type=\"text\" name=\"your-lastname\" \/><\/span> <\/label><\/div>\n\n<div class=\"column-half\"><label> \n    <span class=\"wpcf7-form-control-wrap\" data-name=\"your-email\"><input size=\"40\" maxlength=\"400\" class=\"wpcf7-form-control wpcf7-email wpcf7-validates-as-required wpcf7-text wpcf7-validates-as-email\" autocomplete=\"email\" aria-required=\"true\" aria-invalid=\"false\" placeholder=\"Email\" value=\"\" type=\"email\" name=\"your-email\" \/><\/span> <\/label><\/div>\n\n<div class=\"column-half\"><label> \n    <span class=\"wpcf7-form-control-wrap\" data-name=\"your-telephone\"><input size=\"40\" maxlength=\"400\" class=\"wpcf7-form-control wpcf7-text wpcf7-validates-as-required\" aria-required=\"true\" aria-invalid=\"false\" placeholder=\"Phone\" value=\"\" type=\"text\" name=\"your-telephone\" \/><\/span> <\/label><\/div>\n\n<div class=\"column-half\"><label> \n     <span class=\"wpcf7-form-control-wrap\" data-name=\"file-256\"><input size=\"40\" class=\"wpcf7-form-control wpcf7-file wpcf7-validates-as-required\" accept=\"audio\/*,video\/*,image\/*\" aria-required=\"true\" aria-invalid=\"false\" type=\"file\" name=\"file-256\" \/><\/span> <strong>Carica il tuo CV<\/strong> <\/label><\/div>\n\n<div class=\"column-half\"><label> \n    <span class=\"wpcf7-form-control-wrap\" data-name=\"posizione\"><input size=\"40\" maxlength=\"400\" class=\"wpcf7-form-control wpcf7-text wpcf7-validates-as-required\" aria-required=\"true\" aria-invalid=\"false\" placeholder=\"Posizione lavorativa desiderata\" value=\"\" type=\"text\" name=\"posizione\" \/><\/span> <\/label><\/div>\n<\/div>\n<div class=\"form-row\">\n<div class=\"column-full\"><label> \n    <span class=\"wpcf7-form-control-wrap\" data-name=\"your-message\"><textarea cols=\"40\" rows=\"10\" maxlength=\"2000\" class=\"wpcf7-form-control wpcf7-textarea\" aria-invalid=\"false\" placeholder=\"Messaggio\" name=\"your-message\"><\/textarea><\/span> <\/label><\/div>\n<\/div>\n<div class=\"form-row\">\n<div class=\"column-full\"><label>Privacy \n<span class=\"wpcf7-form-control-wrap\" data-name=\"acceptance-756\"><span class=\"wpcf7-form-control wpcf7-acceptance\"><span class=\"wpcf7-list-item\"><label><input type=\"checkbox\" name=\"acceptance-756\" value=\"1\" aria-invalid=\"false\" \/><span class=\"wpcf7-list-item-label\">I have read and consent to the storage of my data in your archive as established by the European regulation for the protection of personal data n. 679\/2016, GDPR. <a href=\"https:\/\/www.iubenda.com\/privacy-policy\/50695259\" target=\"_blank\">Read<\/a><\/span><\/label><\/span><\/span><\/span><\/div>\n<\/div>\n<div class=\"form-row\">\n<div class=\"column-full\"><input class=\"wpcf7-form-control wpcf7-submit has-spinner\" type=\"submit\" value=\"Send\" \/><\/div>\n<\/div>\n<\/div><div class=\"wpcf7-response-output\" aria-hidden=\"true\"><\/div>\n<input type=\"hidden\" name=\"trp-form-language\" value=\"en\"\/><\/form>\n<\/div>\n\n\t\t\t\t<\/div>\n\t\t\t<\/div>\n\t\t\t\t<\/div>\n\t\t\t<\/div>ClientiFactoriesFamiglie di prodottiForza vendita<\/p>","protected":false},"author":1,"featured_media":0,"parent":0,"menu_order":0,"comment_status":"closed","ping_status":"closed","template":"","meta":{"_acf_changed":false,"_et_pb_use_builder":"on","_et_pb_old_content":"<!-- wp:paragraph -->\r\n<p>Questa \u00e8 una pagina di esempio. Differisce da un articolo di un blog perch\u00e9 rimane sempre allo stesso posto e (in molti temi) appare nel menu di navigazione. Molte persone iniziano con una pagina di Informazioni che li presentano ai visitatori del sito. Potrebbe apparire una presentazione del tipo:<\/p>\r\n<!-- \/wp:paragraph -->\r\n\r\n<!-- wp:quote -->\r\n<blockquote class=\"wp-block-quote\">\r\n<p>Ciao! Sono un fattorino ciclista di giorno, aspirante attore di notte e questo \u00e8 il mio sito web. Vivo a Los Angeles, ho un grande cane di nome Jack e mi piace la pi\u00f1a colada. (E prendere la pioggia)<\/p>\r\n<\/blockquote>\r\n<!-- \/wp:quote -->\r\n\r\n<!-- wp:paragraph -->\r\n<p>...o qualcosa di simile:<\/p>\r\n<!-- \/wp:paragraph -->\r\n\r\n<!-- wp:quote -->\r\n<blockquote class=\"wp-block-quote\">\r\n<p>La Societ\u00e0 XYZ Aggeggi \u00e8 stata fondata nel 1971 e da allora fornisce al pubblico aggeggi di ottima qualit\u00e0. Situata a Fantasilandia, XYZ impiega oltre 2.000 persone e realizza ogni sorta di aggeggio fantastico per la comunit\u00e0 di Fantasilandia.<\/p>\r\n<\/blockquote>\r\n<!-- \/wp:quote -->\r\n\r\n<!-- wp:paragraph -->\r\n<p>Come nuovo utente di WordPress, dovresti andare nella tua <a href=\"https:\/\/optoplast.org\/wp-admin\/\">Bacheca<\/a> per eliminare questa pagina, e crearne delle nuove per i tuoi contenuti. Divertiti!<\/p>\r\n<!-- \/wp:paragraph -->","_et_gb_content_width":"","footnotes":""},"class_list":["post-242319","page","type-page","status-publish","hentry"],"acf":[],"yoast_head":"<!-- This site is optimized with the Yoast SEO plugin v27.2 - https:\/\/yoast.com\/product\/yoast-seo-wordpress\/ -->\n<title>Azienda: connettivit\u00e0 e componenti passivi per reti in fibra ottica - Optoplast<\/title>\n<meta name=\"description\" content=\"Optoplast \u00e8 un\u2019azienda manifatturiera che dal 1988 produce Connettivit\u00e0 e Componenti Passivi per reti in fibra ottica. Scopri di pi\u00f9!\" \/>\n<meta name=\"robots\" content=\"index, follow, max-snippet:-1, max-image-preview:large, max-video-preview:-1\" \/>\n<link rel=\"canonical\" href=\"https:\/\/optoplast.org\/en\/lavora-con-noi\/\" \/>\n<meta property=\"og:locale\" content=\"en_GB\" \/>\n<meta property=\"og:type\" content=\"article\" \/>\n<meta property=\"og:title\" content=\"Azienda: connettivit\u00e0 e componenti passivi per reti in fibra ottica - Optoplast\" \/>\n<meta property=\"og:description\" content=\"Optoplast \u00e8 un\u2019azienda manifatturiera che dal 1988 produce Connettivit\u00e0 e Componenti Passivi per reti in fibra ottica. Scopri di pi\u00f9!\" \/>\n<meta property=\"og:url\" content=\"https:\/\/optoplast.org\/en\/lavora-con-noi\/\" \/>\n<meta property=\"og:site_name\" content=\"Optoplast\" \/>\n<meta property=\"article:modified_time\" content=\"2024-07-10T12:30:30+00:00\" \/>\n<meta name=\"twitter:card\" content=\"summary_large_image\" \/>\n<meta name=\"twitter:label1\" content=\"Estimated reading time\" \/>\n\t<meta name=\"twitter:data1\" content=\"2 minutes\" \/>\n<script type=\"application\/ld+json\" class=\"yoast-schema-graph\">{\"@context\":\"https:\/\/schema.org\",\"@graph\":[{\"@type\":\"WebPage\",\"@id\":\"https:\/\/optoplast.org\/lavora-con-noi\/\",\"url\":\"https:\/\/optoplast.org\/lavora-con-noi\/\",\"name\":\"Azienda: connettivit\u00e0 e componenti passivi per reti in fibra ottica - Optoplast\",\"isPartOf\":{\"@id\":\"https:\/\/optoplast.org\/#website\"},\"datePublished\":\"2024-07-10T12:23:14+00:00\",\"dateModified\":\"2024-07-10T12:30:30+00:00\",\"description\":\"Optoplast \u00e8 un\u2019azienda manifatturiera che dal 1988 produce Connettivit\u00e0 e Componenti Passivi per reti in fibra ottica. Scopri di pi\u00f9!\",\"breadcrumb\":{\"@id\":\"https:\/\/optoplast.org\/lavora-con-noi\/#breadcrumb\"},\"inLanguage\":\"en-GB\",\"potentialAction\":[{\"@type\":\"ReadAction\",\"target\":[\"https:\/\/optoplast.org\/lavora-con-noi\/\"]}]},{\"@type\":\"BreadcrumbList\",\"@id\":\"https:\/\/optoplast.org\/lavora-con-noi\/#breadcrumb\",\"itemListElement\":[{\"@type\":\"ListItem\",\"position\":1,\"name\":\"Home\",\"item\":\"https:\/\/optoplast.org\/\"},{\"@type\":\"ListItem\",\"position\":2,\"name\":\"Lavora con noi\"}]},{\"@type\":\"WebSite\",\"@id\":\"https:\/\/optoplast.org\/#website\",\"url\":\"https:\/\/optoplast.org\/\",\"name\":\"OptoPlast\",\"description\":\"leader nel settore delle Telecomunicazioni\",\"publisher\":{\"@id\":\"https:\/\/optoplast.org\/#organization\"},\"potentialAction\":[{\"@type\":\"SearchAction\",\"target\":{\"@type\":\"EntryPoint\",\"urlTemplate\":\"https:\/\/optoplast.org\/?s={search_term_string}\"},\"query-input\":{\"@type\":\"PropertyValueSpecification\",\"valueRequired\":true,\"valueName\":\"search_term_string\"}}],\"inLanguage\":\"en-GB\"},{\"@type\":\"Organization\",\"@id\":\"https:\/\/optoplast.org\/#organization\",\"name\":\"OptoPlast\",\"url\":\"https:\/\/optoplast.org\/\",\"logo\":{\"@type\":\"ImageObject\",\"inLanguage\":\"en-GB\",\"@id\":\"https:\/\/optoplast.org\/#\/schema\/logo\/image\/\",\"url\":\"https:\/\/optoplast.org\/wp-content\/uploads\/2024\/03\/optoplast_logmenu.png\",\"contentUrl\":\"https:\/\/optoplast.org\/wp-content\/uploads\/2024\/03\/optoplast_logmenu.png\",\"width\":566,\"height\":251,\"caption\":\"OptoPlast\"},\"image\":{\"@id\":\"https:\/\/optoplast.org\/#\/schema\/logo\/image\/\"}}]}<\/script>\n<!-- \/ Yoast SEO plugin. -->","yoast_head_json":{"title":"Company: connectivity and passive components for fiber optic networks - OptoPlast","description":"Optoplast is a manufacturing company that has been producing Connectivity and Passive Components for fiber optic networks since 1988. Find out more!","robots":{"index":"index","follow":"follow","max-snippet":"max-snippet:-1","max-image-preview":"max-image-preview:large","max-video-preview":"max-video-preview:-1"},"canonical":"https:\/\/optoplast.org\/en\/lavora-con-noi\/","og_locale":"en_GB","og_type":"article","og_title":"Azienda: connettivit\u00e0 e componenti passivi per reti in fibra ottica - Optoplast","og_description":"Optoplast \u00e8 un\u2019azienda manifatturiera che dal 1988 produce Connettivit\u00e0 e Componenti Passivi per reti in fibra ottica. Scopri di pi\u00f9!","og_url":"https:\/\/optoplast.org\/en\/lavora-con-noi\/","og_site_name":"Optoplast","article_modified_time":"2024-07-10T12:30:30+00:00","twitter_card":"summary_large_image","twitter_misc":{"Estimated reading time":"2 minutes"},"schema":{"@context":"https:\/\/schema.org","@graph":[{"@type":"WebPage","@id":"https:\/\/optoplast.org\/lavora-con-noi\/","url":"https:\/\/optoplast.org\/lavora-con-noi\/","name":"Company: connectivity and passive components for fiber optic networks - OptoPlast","isPartOf":{"@id":"https:\/\/optoplast.org\/#website"},"datePublished":"2024-07-10T12:23:14+00:00","dateModified":"2024-07-10T12:30:30+00:00","description":"Optoplast is a manufacturing company that has been producing Connectivity and Passive Components for fiber optic networks since 1988. Find out more!","breadcrumb":{"@id":"https:\/\/optoplast.org\/lavora-con-noi\/#breadcrumb"},"inLanguage":"en-GB","potentialAction":[{"@type":"ReadAction","target":["https:\/\/optoplast.org\/lavora-con-noi\/"]}]},{"@type":"BreadcrumbList","@id":"https:\/\/optoplast.org\/lavora-con-noi\/#breadcrumb","itemListElement":[{"@type":"ListItem","position":1,"name":"Home","item":"https:\/\/optoplast.org\/"},{"@type":"ListItem","position":2,"name":"Lavora con noi"}]},{"@type":"WebSite","@id":"https:\/\/optoplast.org\/#website","url":"https:\/\/optoplast.org\/","name":"OptoPlast","description":"leader nel settore delle Telecomunicazioni","publisher":{"@id":"https:\/\/optoplast.org\/#organization"},"potentialAction":[{"@type":"SearchAction","target":{"@type":"EntryPoint","urlTemplate":"https:\/\/optoplast.org\/?s={search_term_string}"},"query-input":{"@type":"PropertyValueSpecification","valueRequired":true,"valueName":"search_term_string"}}],"inLanguage":"en-GB"},{"@type":"Organization","@id":"https:\/\/optoplast.org\/#organization","name":"OptoPlast","url":"https:\/\/optoplast.org\/","logo":{"@type":"ImageObject","inLanguage":"en-GB","@id":"https:\/\/optoplast.org\/#\/schema\/logo\/image\/","url":"https:\/\/optoplast.org\/wp-content\/uploads\/2024\/03\/optoplast_logmenu.png","contentUrl":"https:\/\/optoplast.org\/wp-content\/uploads\/2024\/03\/optoplast_logmenu.png","width":566,"height":251,"caption":"OptoPlast"},"image":{"@id":"https:\/\/optoplast.org\/#\/schema\/logo\/image\/"}}]}},"_links":{"self":[{"href":"https:\/\/optoplast.org\/en\/wp-json\/wp\/v2\/pages\/242319","targetHints":{"allow":["GET"]}}],"collection":[{"href":"https:\/\/optoplast.org\/en\/wp-json\/wp\/v2\/pages"}],"about":[{"href":"https:\/\/optoplast.org\/en\/wp-json\/wp\/v2\/types\/page"}],"author":[{"embeddable":true,"href":"https:\/\/optoplast.org\/en\/wp-json\/wp\/v2\/users\/1"}],"replies":[{"embeddable":true,"href":"https:\/\/optoplast.org\/en\/wp-json\/wp\/v2\/comments?post=242319"}],"version-history":[{"count":3,"href":"https:\/\/optoplast.org\/en\/wp-json\/wp\/v2\/pages\/242319\/revisions"}],"predecessor-version":[{"id":242323,"href":"https:\/\/optoplast.org\/en\/wp-json\/wp\/v2\/pages\/242319\/revisions\/242323"}],"wp:attachment":[{"href":"https:\/\/optoplast.org\/en\/wp-json\/wp\/v2\/media?parent=242319"}],"curies":[{"name":"wp","href":"https:\/\/api.w.org\/{rel}","templated":true}]}}